{"id":24,"date":"2020-06-10T06:59:25","date_gmt":"2020-06-10T06:59:25","guid":{"rendered":"https:\/\/xn--brgerfrniederaula-22bf.de\/?page_id=24"},"modified":"2020-06-15T11:07:35","modified_gmt":"2020-06-15T09:07:35","slug":"mitgliedsantrag","status":"publish","type":"page","link":"https:\/\/xn--brgerfrniederaula-22bf.de\/?page_id=24","title":{"rendered":"Mitgliedsantrag"},"content":{"rendered":"\n<p>M\u00f6chten Sie Mitglied bei uns werden und uns bei unserer Arbeit unterst\u00fctzen?<br>Dann k\u00f6nnen Sie hier der Mitgliedsantrag herunterladen.<\/p>\n\n\n\n<div class=\"wp-block-file\"><a href=\"https:\/\/xn--brgerfrniederaula-22bf.de\/wp-content\/uploads\/2020\/06\/Mitgliedsantrag-BfN-e.V_Vers.1.4.pdf\">Mitgliedsantrag BfN e.V_Vers.1.4<\/a><a href=\"https:\/\/xn--brgerfrniederaula-22bf.de\/wp-content\/uploads\/2020\/06\/Mitgliedsantrag-BfN-e.V_Vers.1.4.pdf\" class=\"wp-block-file__button\" download>Herunterladen<\/a><\/div>\n\n\n\n<p>Bitte an Gerhard Opfer,&nbsp;&nbsp;Bergstr. 13,&nbsp;36272 Niederaula&nbsp;senden.<\/p>\n","protected":false},"excerpt":{"rendered":"<p>M\u00f6chten Sie Mitglied bei uns werden und uns bei unserer Arbeit unterst\u00fctzen?Dann k\u00f6nnen Sie hier der Mitgliedsantrag herunterladen. Bitte an Gerhard Opfer,&nbsp;&nbsp;Bergstr. 13,&nbsp;36272 Niederaula&nbsp;senden.<\/p>\n","protected":false},"author":1,"featured_media":0,"parent":0,"menu_order":0,"comment_status":"closed","ping_status":"closed","template":"","meta":{"footnotes":""},"class_list":["post-24","page","type-page","status-publish","hentry"],"_links":{"self":[{"href":"https:\/\/xn--brgerfrniederaula-22bf.de\/index.php?rest_route=\/wp\/v2\/pages\/24","targetHints":{"allow":["GET"]}}],"collection":[{"href":"https:\/\/xn--brgerfrniederaula-22bf.de\/index.php?rest_route=\/wp\/v2\/pages"}],"about":[{"href":"https:\/\/xn--brgerfrniederaula-22bf.de\/index.php?rest_route=\/wp\/v2\/types\/page"}],"author":[{"embeddable":true,"href":"https:\/\/xn--brgerfrniederaula-22bf.de\/index.php?rest_route=\/wp\/v2\/users\/1"}],"replies":[{"embeddable":true,"href":"https:\/\/xn--brgerfrniederaula-22bf.de\/index.php?rest_route=%2Fwp%2Fv2%2Fcomments&post=24"}],"version-history":[{"count":7,"href":"https:\/\/xn--brgerfrniederaula-22bf.de\/index.php?rest_route=\/wp\/v2\/pages\/24\/revisions"}],"predecessor-version":[{"id":10406,"href":"https:\/\/xn--brgerfrniederaula-22bf.de\/index.php?rest_route=\/wp\/v2\/pages\/24\/revisions\/10406"}],"wp:attachment":[{"href":"https:\/\/xn--brgerfrniederaula-22bf.de\/index.php?rest_route=%2Fwp%2Fv2%2Fmedia&parent=24"}],"curies":[{"name":"wp","href":"https:\/\/api.w.org\/{rel}","templated":true}]}}