{"id":10441,"date":"2020-06-18T17:32:10","date_gmt":"2020-06-18T15:32:10","guid":{"rendered":"https:\/\/xn--brgerfrniederaula-22bf.de\/?page_id=10441"},"modified":"2020-07-21T10:13:20","modified_gmt":"2020-07-21T08:13:20","slug":"weitere-aktivitaeten","status":"publish","type":"page","link":"https:\/\/xn--brgerfrniederaula-22bf.de\/?page_id=10441","title":{"rendered":"Weitere Aktivit\u00e4ten"},"content":{"rendered":"\n<p><strong>B\u00fcrgerverein \u00fcbernimmt Patenschaft f\u00fcr Bienenwiese<\/strong><\/p>\n\n\n\n<p>In Kooperation mit dem Bauhof der Marktgemeinde hat der B\u00fcrgerverein im Mai am<\/p>\n\n\n\n<p>Kreisel Hungerberg &#8211; Abzweigung Ringstra\u00dfe\/Berliner Stra\u00dfe \u2013 die Vorbereitungen f\u00fcr das Anlegen einer sog. Bienenwiese getroffen.<\/p>\n\n\n\n<p>Es wurde hochwertiger biologischer Samen verwendet und t\u00fcchtig von Mitgliedern gew\u00e4ssert. So ist mittlerweile eine sch\u00f6ne Bl\u00fchfl\u00e4che entstanden, an der nicht nur die Bienen Freude haben.<\/p>\n\n\n\n<figure class=\"wp-block-gallery columns-3 is-cropped wp-block-gallery-1 is-layout-flex wp-block-gallery-is-layout-flex\"><ul class=\"blocks-gallery-grid\"><li class=\"blocks-gallery-item\"><figure><img fetchpriority=\"high\" decoding=\"async\" width=\"753\" height=\"533\" src=\"https:\/\/xn--brgerfrniederaula-22bf.de\/wp-content\/uploads\/2020\/07\/Kreisel-vorher.png\" alt=\"\" data-id=\"10461\" data-full-url=\"https:\/\/xn--brgerfrniederaula-22bf.de\/wp-content\/uploads\/2020\/07\/Kreisel-vorher.png\" data-link=\"https:\/\/xn--brgerfrniederaula-22bf.de\/?attachment_id=10461\" class=\"wp-image-10461\" srcset=\"https:\/\/xn--brgerfrniederaula-22bf.de\/wp-content\/uploads\/2020\/07\/Kreisel-vorher.png 753w, https:\/\/xn--brgerfrniederaula-22bf.de\/wp-content\/uploads\/2020\/07\/Kreisel-vorher-300x212.png 300w, https:\/\/xn--brgerfrniederaula-22bf.de\/wp-content\/uploads\/2020\/07\/Kreisel-vorher-424x300.png 424w\" sizes=\"(max-width: 753px) 100vw, 753px\" \/><figcaption class=\"blocks-gallery-item__caption\">vorher<\/figcaption><\/figure><\/li><li class=\"blocks-gallery-item\"><figure><img decoding=\"async\" width=\"576\" height=\"768\" src=\"https:\/\/xn--brgerfrniederaula-22bf.de\/wp-content\/uploads\/2020\/07\/IMG_20200416_100542_resized_20200427_062925920.jpg\" alt=\"\" data-id=\"10462\" data-full-url=\"https:\/\/xn--brgerfrniederaula-22bf.de\/wp-content\/uploads\/2020\/07\/IMG_20200416_100542_resized_20200427_062925920.jpg\" data-link=\"https:\/\/xn--brgerfrniederaula-22bf.de\/?attachment_id=10462\" class=\"wp-image-10462\" srcset=\"https:\/\/xn--brgerfrniederaula-22bf.de\/wp-content\/uploads\/2020\/07\/IMG_20200416_100542_resized_20200427_062925920.jpg 576w, https:\/\/xn--brgerfrniederaula-22bf.de\/wp-content\/uploads\/2020\/07\/IMG_20200416_100542_resized_20200427_062925920-225x300.jpg 225w\" sizes=\"(max-width: 576px) 100vw, 576px\" \/><figcaption class=\"blocks-gallery-item__caption\">w\u00e4hrend der Bauphase<\/figcaption><\/figure><\/li><li class=\"blocks-gallery-item\"><figure><img decoding=\"async\" width=\"1024\" height=\"768\" src=\"https:\/\/xn--brgerfrniederaula-22bf.de\/wp-content\/uploads\/2020\/07\/P1110595.jpg\" alt=\"\" data-id=\"10463\" data-full-url=\"https:\/\/xn--brgerfrniederaula-22bf.de\/wp-content\/uploads\/2020\/07\/P1110595.jpg\" data-link=\"https:\/\/xn--brgerfrniederaula-22bf.de\/?attachment_id=10463\" class=\"wp-image-10463\" srcset=\"https:\/\/xn--brgerfrniederaula-22bf.de\/wp-content\/uploads\/2020\/07\/P1110595.jpg 1024w, https:\/\/xn--brgerfrniederaula-22bf.de\/wp-content\/uploads\/2020\/07\/P1110595-300x225.jpg 300w, https:\/\/xn--brgerfrniederaula-22bf.de\/wp-content\/uploads\/2020\/07\/P1110595-768x576.jpg 768w, https:\/\/xn--brgerfrniederaula-22bf.de\/wp-content\/uploads\/2020\/07\/P1110595-400x300.jpg 400w\" sizes=\"(max-width: 1024px) 100vw, 1024px\" \/><\/figure><\/li><li class=\"blocks-gallery-item\"><figure><img loading=\"lazy\" decoding=\"async\" width=\"1024\" height=\"768\" src=\"https:\/\/xn--brgerfrniederaula-22bf.de\/wp-content\/uploads\/2020\/07\/P1110969.jpg\" alt=\"\" data-id=\"10464\" data-full-url=\"https:\/\/xn--brgerfrniederaula-22bf.de\/wp-content\/uploads\/2020\/07\/P1110969.jpg\" data-link=\"https:\/\/xn--brgerfrniederaula-22bf.de\/?attachment_id=10464\" class=\"wp-image-10464\" srcset=\"https:\/\/xn--brgerfrniederaula-22bf.de\/wp-content\/uploads\/2020\/07\/P1110969.jpg 1024w, https:\/\/xn--brgerfrniederaula-22bf.de\/wp-content\/uploads\/2020\/07\/P1110969-300x225.jpg 300w, https:\/\/xn--brgerfrniederaula-22bf.de\/wp-content\/uploads\/2020\/07\/P1110969-768x576.jpg 768w, https:\/\/xn--brgerfrniederaula-22bf.de\/wp-content\/uploads\/2020\/07\/P1110969-400x300.jpg 400w\" sizes=\"(max-width: 1024px) 100vw, 1024px\" \/><figcaption class=\"blocks-gallery-item__caption\">nachher<\/figcaption><\/figure><\/li><li class=\"blocks-gallery-item\"><figure><img loading=\"lazy\" decoding=\"async\" width=\"1024\" height=\"768\" src=\"https:\/\/xn--brgerfrniederaula-22bf.de\/wp-content\/uploads\/2020\/07\/P1120024.jpg\" alt=\"\" data-id=\"10465\" data-full-url=\"https:\/\/xn--brgerfrniederaula-22bf.de\/wp-content\/uploads\/2020\/07\/P1120024.jpg\" data-link=\"https:\/\/xn--brgerfrniederaula-22bf.de\/?attachment_id=10465\" class=\"wp-image-10465\" srcset=\"https:\/\/xn--brgerfrniederaula-22bf.de\/wp-content\/uploads\/2020\/07\/P1120024.jpg 1024w, https:\/\/xn--brgerfrniederaula-22bf.de\/wp-content\/uploads\/2020\/07\/P1120024-300x225.jpg 300w, https:\/\/xn--brgerfrniederaula-22bf.de\/wp-content\/uploads\/2020\/07\/P1120024-768x576.jpg 768w, https:\/\/xn--brgerfrniederaula-22bf.de\/wp-content\/uploads\/2020\/07\/P1120024-400x300.jpg 400w\" sizes=\"(max-width: 1024px) 100vw, 1024px\" \/><figcaption class=\"blocks-gallery-item__caption\"> Der Kreisel am Hungerberg in voller Bl\u00fcte<\/figcaption><\/figure><\/li><\/ul><\/figure>\n\n\n\n<p><strong>B\u00fcrgerinnen und B\u00fcrger vor zunehmendem L\u00e4rm sch\u00fctzen.<\/strong><\/p>\n\n\n\n<p>Der Verein B\u00fcrger f\u00fcr Niederaula e.V. fordert erheblich mehr L\u00e4rmschutzma\u00dfnahmen in seiner Stellungnahme zum L\u00e4rmaktionsplan des Regierungspr\u00e4sidenten.<\/p>\n\n\n\n<p><\/p>\n\n\n\n<figure class=\"wp-block-image size-large\"><img loading=\"lazy\" decoding=\"async\" width=\"607\" height=\"209\" src=\"https:\/\/xn--brgerfrniederaula-22bf.de\/wp-content\/uploads\/2020\/06\/image-1.png\" alt=\"\" class=\"wp-image-10448\" srcset=\"https:\/\/xn--brgerfrniederaula-22bf.de\/wp-content\/uploads\/2020\/06\/image-1.png 607w, https:\/\/xn--brgerfrniederaula-22bf.de\/wp-content\/uploads\/2020\/06\/image-1-300x103.png 300w, https:\/\/xn--brgerfrniederaula-22bf.de\/wp-content\/uploads\/2020\/06\/image-1-500x172.png 500w\" sizes=\"(max-width: 607px) 100vw, 607px\" \/><\/figure>\n\n\n\n<p>B\u00fcrger f\u00fcr Niederaula e. V., An der Liete 5, 36272 Niederaula        <\/p>\n\n\n\n<p>Regierungspr\u00e4sidium Kassel<\/p>\n\n\n\n<p>Am Alten Stadtschloss 1<\/p>\n\n\n\n<p>34117 Kassel<\/p>\n\n\n\n<figure class=\"wp-block-table\"><table><tbody><tr><td>&nbsp;<\/td><\/tr><\/tbody><\/table><\/figure>\n\n\n\n<p><strong>Stellungnahme des Vereins \u201eB\u00fcrger f\u00fcr Niederaula e. V.\u201c zum Entwurf des L\u00e4rmaktionsplans Hessen (3. Runde), Teilplan Landkreise des Regierungsbezirk Kassel<\/strong><\/p>\n\n\n\n<p><strong>hier: Marktgemeinde Niederaula<\/strong><\/p>\n\n\n\n<p>Sehr geehrte Damen und Herren,<\/p>\n\n\n\n<p>der eingetragene Verein B\u00fcrger f\u00fcr Niederaula besteht seit dem 01.10.2013 und setzt sich entsprechend seiner Satzung u. a. daf\u00fcr ein, dass das Wohnen in der gesamten Marktgemeinde Niederaula f\u00fcr alle B\u00fcrgerinnen und B\u00fcrger lebenswert bleibt.<\/p>\n\n\n\n<p>Der zunehmend wachsende Verein hat zurzeit knapp 200 Mitglieder.<\/p>\n\n\n\n<p>Zum Entwurf des L\u00e4rmaktionsplans Hessen (3. Runde), nehmen wir daher wie folgt Stellung:<\/p>\n\n\n\n<figure class=\"wp-block-table\"><table><tbody><tr><td><strong>Ortsteil<\/strong><\/td><td><strong>L\u00e4rmquelle<\/strong><\/td><td><strong>Ma\u00dfnahmenvorschlag<\/strong><\/td><\/tr><tr><td>Niederaula &nbsp; &nbsp; &nbsp; &nbsp;<\/td><td>B 62\/B 454 &nbsp; &nbsp; &nbsp; &nbsp;<\/td><td>Geschwindigkeitsbeschr\u00e4nkung auf 30 km\/h in der Ortschaftabsolutes Fahrverbot f\u00fcr Kraftfahrzeuge zur G\u00fcterbef\u00f6rderung \u00fcber 7,5 t auf den Bundesstra\u00dfen. &nbsp;Einrichtung von station\u00e4ren, modernen \u00dcberwachungsanlagen f\u00fcr beide Fahrtrichtun-gen\/Fahrspuren f\u00fcr die Messung der Geschwindigkeit und Einhaltung des Fahrverbotes sowie unregelm\u00e4\u00dfige st\u00e4ndige polizeiliche KontrollenDurchf\u00fchrung j\u00e4hrlicher repr\u00e4sentativer Verkehrsz\u00e4hlungen im Monat Juni an einem Normalwerktag mit modernster Technik, Tage unmittelbar vor und nach <a href=\"https:\/\/de.wikipedia.org\/wiki\/Feiertag\">Feiertagen<\/a> oder zu Beginn und Ende von Ferien sollten gemieden werdenanhand der Ergebnisse der j\u00e4hrlichen Verkehrsz\u00e4hlungen sind neue L\u00e4rm-berechnungen durchzuf\u00fchren und gegebenenfalls L\u00e4rmschutzma\u00dfnahmen zeitnah einzuleitenF\u00f6rderung f\u00fcr l\u00e4rmtechnische Sanierung aller H\u00e4user entlang der Bundesstra\u00dfen l\u00e4rmmindernder Asphalt bei Erneuerung oder Sanierung der Fahrbahn innerhalb der OrtschaftEinrichtung einer Mauterfassungsstelle in dem Bereich B62\/B 454keine Bedarfsumleitungen auf den beiden Bundesstra\u00dfen, wenn sich auf der Autobahn wegen \u00dcberf\u00fcllung ein Stau bildet<\/td><\/tr><tr><td>Kleba<\/td><td>B 454<\/td><td>Geschwindigkeitsbeschr\u00e4nkung auf 30 km\/h in der Ortschaftabsolutes Fahrverbot f\u00fcr Kraftfahrzeuge zur G\u00fcterbef\u00f6rderung \u00fcber 7,5 t auf der Bundesstra\u00dfe. Einrichtung von station\u00e4ren, modernen \u00dcberwachungsanlagen f\u00fcr beide Fahrtrichtun-gen\/Fahrspuren f\u00fcr die Messung der Geschwindigkeit und Einhaltung des Fahrverbotes sowie unregelm\u00e4\u00dfige st\u00e4ndige polizeiliche KontrollenDurchf\u00fchrung j\u00e4hrlicher repr\u00e4sentativer Verkehrsz\u00e4hlungen im Monat Juni an einem Normalwerktag mit modernster Technik, Tage unmittelbar vor und nach <a href=\"https:\/\/de.wikipedia.org\/wiki\/Feiertag\">Feiertagen<\/a> oder zu Beginn und Ende von Ferien sollten gemieden werdenanhand der Ergebnisse der j\u00e4hrlichen Verkehrsz\u00e4hlungen sind neue L\u00e4rm-berechnungen durchzuf\u00fchren und gegebenenfalls L\u00e4rmschutzma\u00dfnahmen zeitnah einzuleitenF\u00f6rderung f\u00fcr l\u00e4rmtechnische Sanierung aller H\u00e4user entlang der Bundesstra\u00dfen l\u00e4rmmindernder Asphalt bei Erneuerung oder Sanierung &nbsp;&nbsp;der Fahrbahn innerhalb der OrtschaftEinrichtung einer Mauterfassungsstelle in dem Bereich B62\/B 454keine Bedarfsumleitungen auf den beiden Bundesstra\u00dfen, wenn sich auf der Autobahn wegen \u00dcberf\u00fcllung ein Stau bildet<\/td><\/tr><tr><td>Niederjossa<\/td><td>B 62<\/td><td>Geschwindigkeitsbeschr\u00e4nkung auf 30 km\/h in der Ortschaftabsolutes Fahrverbot f\u00fcr Kraftfahrzeuge zur G\u00fcterbef\u00f6rderung \u00fcber 7,5 t auf der Bundesstra\u00dfeEinrichtung von station\u00e4ren, modernen \u00dcberwachungsanlagen f\u00fcr beide Fahrtrichtun-gen\/Fahrspuren f\u00fcr die Messung der Geschwindigkeit und Einhaltung des Fahrverbotes sowie unregelm\u00e4\u00dfige st\u00e4ndige polizeiliche KontrollenDurchf\u00fchrung j\u00e4hrlicher repr\u00e4sentativer Verkehrsz\u00e4hlungen im Monat Juni an einem Normalwerktag mit modernster Technik, Tage unmittelbar vor und nach <a href=\"https:\/\/de.wikipedia.org\/wiki\/Feiertag\">Feiertagen<\/a> oder zu Beginn und Ende von Ferien sollten gemieden werdenanhand der Ergebnisse der j\u00e4hrlichen Verkehrsz\u00e4hlungen sind neue L\u00e4rm-berechnungen durchzuf\u00fchren und gegebenenfalls L\u00e4rmschutzma\u00dfnahmen zeitnah einzuleitenF\u00f6rderung f\u00fcr l\u00e4rmtechnische Sanierung aller H\u00e4user entlang der Bundesstra\u00dfen l\u00e4rmmindernder Asphalt bei Erneuerung oder Sanierung &nbsp;&nbsp;der Fahrbahn innerhalb der OrtschaftEinrichtung einer Mauterfassungsstelle in dem Bereich B62\/B 454keine Bedarfsumleitungen auf den beiden Bundesstra\u00dfen, wenn sich auf der Autobahn wegen \u00dcberf\u00fcllung ein Stau bildet<\/td><\/tr><tr><td>Niederaula Kleba Solms<\/td><td>Schnellbahn-strecke Kassel &#8211; Fulda<\/td><td>Erh\u00f6hung der L\u00e4rmschutzw\u00e4nde entlang der Br\u00fcckenbauwerke durch das Fulda-, Hattenbach- und Aulatal sowie Verbesserung der Erdw\u00e4lle &nbsp;vom Tunnel auf die freie Strecke<\/td><\/tr><tr><td>Niederaula Solms Mengshausen Kerspenhausen<\/td><td>Neubaubahn-strecke Fulda- Gerstungen<\/td><td>kein Bau einer neuen Bahnstrecke durch das FuldatalBau einer neuen Bahnstrecke vom Abzweig Michelsrombach der Schnellbahnstrecke Fulda \u2013 Kassel als Tunnell\u00f6sung mit dem Anschluss des Bahnhofs Bad Hersfeld<\/td><\/tr><tr><td>Niederjossa Solms &nbsp; &nbsp; &nbsp; &nbsp; &nbsp; &nbsp; &nbsp; &nbsp; &nbsp; &nbsp; &nbsp; &nbsp; &nbsp; &nbsp; &nbsp; &nbsp; &nbsp;<\/td><td>A 7 &nbsp; &nbsp; &nbsp; &nbsp; &nbsp; &nbsp; &nbsp; &nbsp; &nbsp; &nbsp; &nbsp; &nbsp; &nbsp; &nbsp; &nbsp; &nbsp;<\/td><td>Geschwindigkeitsbegrenzung auf 100 km\/h in beiden FahrtrichtungenL\u00e4rmschutzwall vom Parkplatz \u201eStrampen\u201c bis zur Abfahrt NiederaulaL\u00e4rmschutzwall und -wand vom Parkplatz \u201eRichtgraben\u201c bis zur Br\u00fccke K 24 L\u00e4rmschutzw\u00e4nde beidseitig im Anschluss an die L\u00e4rmschutzw\u00e4lle entlang der Querung des gesamten Fuldatales einschlie\u00dflich der drei Br\u00fcckenbauwerkenl\u00e4rmmindernder Asphalt im gesamten Bereich der Querung des gesamten Fuldatales mit den drei Br\u00fcckenbauwerkenF\u00f6rderung f\u00fcr l\u00e4rmtechnische Sanierung aller H\u00e4user in Solms und Niederjossa Durchf\u00fchrung j\u00e4hrlicher repr\u00e4sentativer Verkehrsz\u00e4hlungen im Monat Juni an einem Normalwerktag mit modernster Technik, Tage unmittelbar vor und nach <a href=\"https:\/\/de.wikipedia.org\/wiki\/Feiertag\">Feiertagen<\/a> oder zu Beginn und Ende von Ferien sollten gemieden werdenanhand der Ergebnisse der j\u00e4hrlichen Verkehrsz\u00e4hlungen sind neue L\u00e4rmberechnungen durchzuf\u00fchren und gegebenenfalls L\u00e4rmschutz-ma\u00dfnahmen zeitnah einzuleitenAbgleich und Bekanntgabe der neuen L\u00e4rmberechnungen mit den L\u00e4rmberechnungen\/ L\u00e4rmmessungen beim Bau der drei Br\u00fcckenbauwerke vor ca. 50 Jahren<\/td><\/tr><tr><td>Kleba Hattenbach<\/td><td>A 7\/A 5 &nbsp; &nbsp; &nbsp; &nbsp; &nbsp; &nbsp; &nbsp;<\/td><td>Geschwindigkeitsbegrenzung auf der gesamten Strecke von 100 km\/h in beiden Richtungendeutliche Verl\u00e4ngerung und Erh\u00f6hung des L\u00e4rmschutzwalls oberhalb der Ortslagen Kleba und Hattenbach bis zum Parkplatz OttersbachL\u00e4rmschutzwand entlang des Br\u00fcckenbauwerkes zur \u00dcberquerung von Aula und B 454 zur Ortslage Kleba l\u00e4rmmindernder Asphalt im gesamten Bereich vom Hattenbacher Dreieck bis Kirchheim in beiden RichtungenF\u00f6rderung f\u00fcr l\u00e4rmtechnische Sanierung aller H\u00e4user in Kleba Durchf\u00fchrung j\u00e4hrlicher repr\u00e4sentativer Verkehrsz\u00e4hlungen im Monat Juni an einem Normalwerktag mit modernster Technik, Tage unmittelbar vor und nach <a href=\"https:\/\/de.wikipedia.org\/wiki\/Feiertag\">Feiertagen<\/a> oder zu Beginn und Ende von Ferien sollten gemieden werdenanhand der Ergebnisse der j\u00e4hrlichen Verkehrsz\u00e4hlungen sind neue L\u00e4rmberechnungen durchzuf\u00fchren und gegebenenfalls L\u00e4rmschutz-ma\u00dfnahmen zeitnah einzuleitenAbgleich und Bekanntgabe der neuen L\u00e4rmberechnungen mit den L\u00e4rmberechnungen\/ L\u00e4rmmessungen beim Bau des Br\u00fcckenbauwerkes zur \u00dcberquerung von Aula und B 454&nbsp;&nbsp; vor ca. 50 Jahren &nbsp;<\/td><\/tr><tr><td>Solms Mengshausen Kerspenhausen<\/td><td>L 3471\/L 3432 &nbsp;<\/td><td>Geschwindigkeitsbeschr\u00e4nkung auf 30 km\/h in der Ortschaft Solmsabsolutes Fahrverbot f\u00fcr Kraftfahrzeuge zur G\u00fcterbef\u00f6rderung \u00fcber 7,5 t&nbsp;&nbsp; keine Bedarfsumleitungen auf den beiden Landesstra\u00dfen, wenn sich auf der Autobahn wegen \u00dcberf\u00fcllung ein Stau bildetEinrichtung von station\u00e4ren, modernen \u00dcberwachungsanlagen f\u00fcr beide Fahrtrichtun-gen\/Fahrspuren f\u00fcr die Messung der Geschwindigkeit und Einhaltung des Fahrverbotes sowie unregelm\u00e4\u00dfige st\u00e4ndige polizeiliche Kontrollen<\/td><\/tr><\/tbody><\/table><\/figure>\n\n\n\n<p>Auch ist zu pr\u00fcfen, in welchem Umfang Umgehungsstra\u00dfen bei der B 62\/454 zu einer L\u00e4rmreduzierung beitragen k\u00f6nnen.<\/p>\n\n\n\n<p>Des Weiteren ist eine m\u00f6gliche DB Schnellbahnstrecke Fulda-Erfurt durch das Fuldatal nicht nur aufgrund der zunehmenden L\u00e4rmbelastung f\u00fcr die Ortsteile Niederjossa, Solms, Niederaula, Mengshausen und Kerspenhausen strikt abzulehnen.<\/p>\n\n\n\n<p>Es ist jedoch zu pr\u00fcfen, inwieweit die noch vorhandene Bahnstrecke zwischen Bad Hersfeld und Breitenbach\/Herzberg modernisiert und wieder reaktiviert werden kann. Als Gr\u00fcnde k\u00f6nnen hier nur einige Aspekte in Stichworten genannt werden: Eind\u00e4mmung des Individualverkehrs, Verlagerung des Verkehrs auf die Schiene auch in unserer Region (zunehmende Logistikbetriebe), Klimawandel\/Schadstoffreduktion, Energieeffizienz, L\u00e4rmreduzierung.<\/p>\n\n\n\n<p><strong><u>Zusammenfassend ist festzustellen:<\/u><\/strong><\/p>\n\n\n\n<p><strong>Das steigende Verkehrsaufkommen auf den Autobahnen A7\/A5\/A4, die \u00dcberlastung des Hattenbacher\/Kirchheimer Dreieckes und die damit verbundene Staugefahr, die zu st\u00e4ndigen Umleitungen durch die Ortsteile Kleba, Niederaula und Niederjossa auf der B 62 und B454 sowie zunehmend auch durch die Ortsteile Solms, Mengshausen und Kerspenhausen f\u00fchren,&nbsp; erh\u00f6hen die L\u00e4rmbelastung unserer Bev\u00f6lkerung ins Unertr\u00e4gliche und \u00fcbersteigen die Grenzwerte erheblich.<\/strong><\/p>\n\n\n\n<p><strong>Hinzu kommt, dass mit der geplanten Neubaustrecke der DB Fulda-Erfurt und der damit verbundenen Erh\u00f6hung der Zugzahlen auf der Bestandsstrecke W\u00fcrzburg-Hannover (Fulda-Kassel) weitere L\u00e4rmbelastungen auf die B\u00fcrgerinnen und B\u00fcrger in den betroffenen Ortsteilen zukommen.<\/strong><\/p>\n\n\n\n<p><strong>Wir als Interessenvertreter vieler B\u00fcrgerinnen und B\u00fcrger k\u00f6nnen nicht tatenlos zusehen, wie die Wohn- und Lebensqualit\u00e4t in unseren Ortsteilen verloren geht und die Bev\u00f6lkerung durch die zunehmende L\u00e4rmbelastung weitere gesundheitliche Beeintr\u00e4chtigungen erfahren und zunehmend krank werden.<\/strong><\/p>\n\n\n\n<p><strong>Wir erwarten, dass unsere Ma\u00dfnahmenvorschl\u00e4ge ernsthaft gepr\u00fcft und dann auch umgesetzt werden.<\/strong><\/p>\n\n\n\n<p>Mit freundlichen Gr\u00fc\u00dfen<\/p>\n\n\n\n<p>Der Vorstand<\/p>\n\n\n\n<p>gez. &nbsp;&nbsp;&nbsp;&nbsp;&nbsp;&nbsp;&nbsp;&nbsp;&nbsp;&nbsp;&nbsp;&nbsp;&nbsp;&nbsp;&nbsp;&nbsp;&nbsp;&nbsp;&nbsp;&nbsp;&nbsp;&nbsp;&nbsp;&nbsp;&nbsp;&nbsp;&nbsp;&nbsp;&nbsp;&nbsp;&nbsp;&nbsp;&nbsp;&nbsp;&nbsp;&nbsp;&nbsp;&nbsp;&nbsp;&nbsp;&nbsp;&nbsp;&nbsp;&nbsp;&nbsp;&nbsp;&nbsp;&nbsp;&nbsp;&nbsp;&nbsp; gez.<\/p>\n\n\n\n<p>Dr. jur. Heinrich Hellwig&nbsp;&nbsp;&nbsp;&nbsp; &nbsp;&nbsp;&nbsp;&nbsp;&nbsp;&nbsp;&nbsp;&nbsp;&nbsp;&nbsp;&nbsp;&nbsp;&nbsp;&nbsp;&nbsp;&nbsp;&nbsp;&nbsp;&nbsp; Karl-Heinz Battenberg, Betriebswirt (grad.)<\/p>\n\n\n\n<p>Niederaula, 18.01.2020<\/p>\n","protected":false},"excerpt":{"rendered":"<p>B\u00fcrgerverein \u00fcbernimmt Patenschaft f\u00fcr Bienenwiese In Kooperation mit dem Bauhof der Marktgemeinde hat der B\u00fcrgerverein im Mai am Kreisel Hungerberg &#8211; Abzweigung Ringstra\u00dfe\/Berliner Stra\u00dfe \u2013 die Vorbereitungen f\u00fcr das Anlegen einer sog. Bienenwiese getroffen. Es wurde hochwertiger biologischer Samen verwendet &hellip; <a href=\"https:\/\/xn--brgerfrniederaula-22bf.de\/?page_id=10441\">Weiterlesen <span class=\"meta-nav\">&rarr;<\/span><\/a><\/p>\n","protected":false},"author":2,"featured_media":0,"parent":0,"menu_order":0,"comment_status":"closed","ping_status":"closed","template":"","meta":{"footnotes":""},"class_list":["post-10441","page","type-page","status-publish","hentry"],"_links":{"self":[{"href":"https:\/\/xn--brgerfrniederaula-22bf.de\/index.php?rest_route=\/wp\/v2\/pages\/10441","targetHints":{"allow":["GET"]}}],"collection":[{"href":"https:\/\/xn--brgerfrniederaula-22bf.de\/index.php?rest_route=\/wp\/v2\/pages"}],"about":[{"href":"https:\/\/xn--brgerfrniederaula-22bf.de\/index.php?rest_route=\/wp\/v2\/types\/page"}],"author":[{"embeddable":true,"href":"https:\/\/xn--brgerfrniederaula-22bf.de\/index.php?rest_route=\/wp\/v2\/users\/2"}],"replies":[{"embeddable":true,"href":"https:\/\/xn--brgerfrniederaula-22bf.de\/index.php?rest_route=%2Fwp%2Fv2%2Fcomments&post=10441"}],"version-history":[{"count":9,"href":"https:\/\/xn--brgerfrniederaula-22bf.de\/index.php?rest_route=\/wp\/v2\/pages\/10441\/revisions"}],"predecessor-version":[{"id":10468,"href":"https:\/\/xn--brgerfrniederaula-22bf.de\/index.php?rest_route=\/wp\/v2\/pages\/10441\/revisions\/10468"}],"wp:attachment":[{"href":"https:\/\/xn--brgerfrniederaula-22bf.de\/index.php?rest_route=%2Fwp%2Fv2%2Fmedia&parent=10441"}],"curies":[{"name":"wp","href":"https:\/\/api.w.org\/{rel}","templated":true}]}}